{"id":19782,"date":"2023-11-13T14:46:28","date_gmt":"2023-11-13T13:46:28","guid":{"rendered":"https:\/\/kartingdesfagnes.be\/repas-24h-copy\/"},"modified":"2023-12-09T11:37:43","modified_gmt":"2023-12-09T10:37:43","slug":"emplacements-2024","status":"publish","type":"page","link":"https:\/\/kartingdesfagnes.be\/nl\/emplacements-2024\/","title":{"rendered":"Emplacements 2024"},"content":{"rendered":"<p><div class=\"fusion-fullwidth fullwidth-box fusion-builder-row-1 fusion-flex-container nonhundred-percent-fullwidth non-hundred-percent-height-scrolling fusion-no-small-visibility fusion-no-medium-visibility\" style=\"--awb-background-position:right bottom;--awb-border-radius-top-left:0px;--awb-border-radius-top-right:0px;--awb-border-radius-bottom-right:0px;--awb-border-radius-bottom-left:0px;--awb-padding-top:3%;--awb-padding-right:33px;--awb-padding-bottom:1%;--awb-padding-left:33px;--awb-padding-left-small:55px;--awb-margin-bottom:0px;--awb-background-color:#000000;\" ><div class=\"fusion-builder-row fusion-row fusion-flex-align-items-center fusion-flex-justify-content-center\" style=\"max-width:1248px;margin-left: calc(-4% \/ 2 );margin-right: calc(-4% \/ 2 );\"><div class=\"fusion-layout-column fusion_builder_column fusion-builder-column-0 fusion_builder_column_1_1 1_1 fusion-flex-column fusion-flex-align-self-center\" style=\"--awb-bg-size:cover;--awb-width-large:100%;--awb-spacing-right-large:1.92%;--awb-margin-bottom-large:0px;--awb-spacing-left-large:1.92%;--awb-width-medium:100%;--awb-spacing-right-medium:1.92%;--awb-spacing-left-medium:1.92%;--awb-width-small:100%;--awb-spacing-right-small:1.92%;--awb-spacing-left-small:1.92%;\"><div class=\"fusion-column-wrapper fusion-column-has-shadow fusion-flex-justify-content-center fusion-content-layout-row\"><div class=\"fusion-title title fusion-title-1 fusion-no-small-visibility fusion-no-medium-visibility fusion-sep-none fusion-title-center fusion-title-highlight fusion-loop-off fusion-highlight-double fusion-title-size-one\" style=\"--awb-text-color:#ffffff;--awb-highlight-width:6;--awb-margin-bottom:4vh;--awb-font-size:3vw;\" data-highlight=\"double\"><h1 class=\"title-heading-center fusion-responsive-typography-calculated\" style=\"margin:0;font-size:1em;--fontSize:16;--minFontSize:16;line-height:1.16;\"><span class=\"fusion-highlighted-text-prefix\"><\/span> <span class=\"fusion-highlighted-text-wrapper\"><span class=\"fusion-highlighted-text\">Emplacements 2024<\/span><\/span> <span class=\"fusion-highlighted-text-postfix\"><\/span><\/h1><\/div><div class=\"fusion-title title fusion-title-2 fusion-no-small-visibility fusion-no-medium-visibility fusion-title-center fusion-title-text fusion-title-size-two\" style=\"--awb-text-color:#ffffff;--awb-margin-top:0.4em;--awb-font-size:4em;\"><div class=\"title-sep-container title-sep-container-left\"><div class=\"title-sep sep-double sep-solid\" style=\"border-color:#e2e2e2;\"><\/div><\/div><span class=\"awb-title-spacer\"><\/span><h2 class=\"title-heading-center fusion-responsive-typography-calculated\" style=\"margin:0;font-size:1em;--fontSize:64;line-height:1.2;\">Uniquement sur invitation !<\/h2><span class=\"awb-title-spacer\"><\/span><div class=\"title-sep-container title-sep-container-right\"><div class=\"title-sep sep-double sep-solid\" style=\"border-color:#e2e2e2;\"><\/div><\/div><\/div><\/div><\/div><\/div><\/div><div class=\"fusion-fullwidth fullwidth-box fusion-builder-row-2 fusion-flex-container nonhundred-percent-fullwidth non-hundred-percent-height-scrolling fusion-no-small-visibility fusion-no-medium-visibility\" style=\"--awb-border-radius-top-left:0px;--awb-border-radius-top-right:0px;--awb-border-radius-bottom-right:0px;--awb-border-radius-bottom-left:0px;\" ><div class=\"fusion-builder-row fusion-row fusion-flex-align-items-flex-start\" style=\"max-width:1248px;margin-left: calc(-4% \/ 2 );margin-right: calc(-4% \/ 2 );\"><div class=\"fusion-layout-column fusion_builder_column fusion-builder-column-1 fusion_builder_column_1_1 1_1 fusion-flex-column\" style=\"--awb-bg-size:cover;--awb-width-large:100%;--awb-spacing-right-large:1.92%;--awb-spacing-left-large:1.92%;--awb-width-medium:100%;--awb-order-medium:0;--awb-spacing-right-medium:1.92%;--awb-spacing-left-medium:1.92%;--awb-width-small:100%;--awb-order-small:0;--awb-spacing-right-small:1.92%;--awb-spacing-left-small:1.92%;\"><div class=\"fusion-column-wrapper fusion-column-has-shadow fusion-flex-justify-content-flex-start fusion-content-layout-column\"><div class=\"fusion-section-separator section-separator waves-opacity fusion-section-separator-1\" style=\"--awb-spacer-padding-top:inherit;--awb-svg-margin-left:1.92%;--awb-svg-margin-right:1.92%;--awb-svg-margin-left-medium:1.92%;--awb-svg-margin-right-medium:1.92%;--awb-svg-margin-left-small:1.92%;--awb-svg-margin-right-small:1.92%;--awb-divider-height:60px;--awb-spacer-height:60px;--awb-sep-font-size:0;--awb-sep-line-height:0;\"><div class=\"fusion-section-separator-svg\"><svg class=\"fusion-waves-opacity-candy\" fill=\"#000000\" xmlns=\"http:\/\/www.w3.org\/2000\/svg\" version=\"1.1\" width=\"100%\" viewbox=\"0 1 1024 216\" preserveaspectratio=\"none\"><path class=\"st0\" d=\"M1024.1.4H.1L0 105.6c14.6 3.2 30.2 5.8 47.1 7.6 178.6 19.6 279.5-56.8 464.3-41.3 206.5 17.2 248.4 128.8 455 143.8 19 1.3 38.3.2 57.7-.3V.4z\"\/>\n\t\t\t\t\t\t\t\t\t\t<path class=\"st1\" d=\"M1024.1 196.4V.256H.1V80C22.8 86.4 48 91.4 76.3 94.6c178.6 19.8 272.2-53.9 457.1-38.4C740 73.4 730.7 180.9 937.3 196c27.2 2 56.6 2 86.8.4z\"\/>\n\t\t\t\t\t\t\t\t\t\t<path class=\"st2\" d=\"M1024.1.256H.1V36c45.1 15.4 95.2 27.7 150 33.7 178.6 19.8 220.6-46.8 405.4-31.3 206.6 17.2 197.8 114.7 404.4 129.7 20.4 1.5 42 2 64.2 1.7V.256z\"\/>\n\t\t\t\t\t\t\t\t\t\t<path class=\"st3\" d=\"M1024.1.156H.1V3.2c50.8 17.1 108.7 30.7 172.7 37.9 178.6 19.8 220-36.8 404.9-21.3 206.6 17.2 228 126.5 434.5 141.6 3.9.3 7.9.5 11.9.7V.156z\"\/>\n\t\t\t\t\t\t\t\t\t<\/svg><\/div><div class=\"fusion-section-separator-spacer\"><div class=\"fusion-section-separator-spacer-height\"><\/div><\/div><\/div><\/div><\/div><\/div><\/div><div class=\"fusion-fullwidth fullwidth-box fusion-builder-row-3 fusion-flex-container nonhundred-percent-fullwidth non-hundred-percent-height-scrolling fusion-no-large-visibility\" style=\"--awb-background-position:right bottom;--awb-border-radius-top-left:0px;--awb-border-radius-top-right:0px;--awb-border-radius-bottom-right:0px;--awb-border-radius-bottom-left:0px;--awb-padding-top:3%;--awb-padding-right:420px;--awb-padding-bottom:0%;--awb-padding-left:33px;--awb-padding-right-medium:0px;--awb-padding-right-small:40px;--awb-padding-left-small:40px;--awb-margin-bottom:0px;--awb-background-color:#000000;\" ><div class=\"fusion-builder-row fusion-row fusion-flex-align-items-center fusion-flex-justify-content-center\" style=\"max-width:1248px;margin-left: calc(-4% \/ 2 );margin-right: calc(-4% \/ 2 );\"><div class=\"fusion-layout-column fusion_builder_column fusion-builder-column-2 fusion_builder_column_2_3 2_3 fusion-flex-column fusion-flex-align-self-center\" style=\"--awb-bg-size:cover;--awb-width-large:66.666666666667%;--awb-spacing-right-large:2.88%;--awb-margin-bottom-large:0px;--awb-spacing-left-large:2.88%;--awb-width-medium:100%;--awb-spacing-right-medium:1.92%;--awb-spacing-left-medium:1.92%;--awb-width-small:100%;--awb-spacing-right-small:1.92%;--awb-spacing-left-small:1.92%;\"><div class=\"fusion-column-wrapper fusion-column-has-shadow fusion-flex-justify-content-center fusion-content-layout-row\"><div class=\"fusion-title title fusion-title-3 fusion-sep-none fusion-title-center fusion-title-highlight fusion-loop-off fusion-highlight-double fusion-title-size-one\" style=\"--awb-text-color:#ffffff;--awb-highlight-width:6;--awb-margin-bottom:4vh;--awb-font-size:50px;\" data-highlight=\"double\"><h1 class=\"title-heading-center fusion-responsive-typography-calculated\" style=\"margin:0;font-size:1em;--fontSize:50;line-height:1.16;\"><span class=\"fusion-highlighted-text-prefix\"><\/span> <span class=\"fusion-highlighted-text-wrapper\"><span class=\"fusion-highlighted-text\">Emplacements 2024<\/span><\/span> <span class=\"fusion-highlighted-text-postfix\"><\/span><\/h1><\/div><div class=\"fusion-title title fusion-title-4 fusion-title-center fusion-title-text fusion-title-size-two\" style=\"--awb-text-color:#ffffff;--awb-margin-bottom:4vh;--awb-margin-top-small:0.7em;--awb-margin-bottom-small:0.4em;--awb-font-size:3em;\"><div class=\"title-sep-container title-sep-container-left\"><div class=\"title-sep sep-double sep-solid\" style=\"border-color:#e2e2e2;\"><\/div><\/div><span class=\"awb-title-spacer\"><\/span><h2 class=\"title-heading-center fusion-responsive-typography-calculated\" style=\"margin:0;font-size:1em;--fontSize:48;line-height:1.2;\">Uniquement sur invitation !<\/h2><span class=\"awb-title-spacer\"><\/span><div class=\"title-sep-container title-sep-container-right\"><div class=\"title-sep sep-double sep-solid\" style=\"border-color:#e2e2e2;\"><\/div><\/div><\/div><\/div><\/div><\/div><\/div><div class=\"fusion-fullwidth fullwidth-box fusion-builder-row-4 fusion-flex-container nonhundred-percent-fullwidth non-hundred-percent-height-scrolling fusion-no-large-visibility\" style=\"--awb-border-radius-top-left:0px;--awb-border-radius-top-right:0px;--awb-border-radius-bottom-right:0px;--awb-border-radius-bottom-left:0px;\" ><div class=\"fusion-builder-row fusion-row fusion-flex-align-items-flex-start\" style=\"max-width:1248px;margin-left: calc(-4% \/ 2 );margin-right: calc(-4% \/ 2 );\"><div class=\"fusion-layout-column fusion_builder_column fusion-builder-column-3 fusion_builder_column_1_1 1_1 fusion-flex-column\" style=\"--awb-bg-size:cover;--awb-width-large:100%;--awb-spacing-right-large:1.92%;--awb-spacing-left-large:1.92%;--awb-width-medium:100%;--awb-order-medium:0;--awb-spacing-right-medium:1.92%;--awb-spacing-left-medium:1.92%;--awb-width-small:100%;--awb-order-small:0;--awb-spacing-right-small:1.92%;--awb-spacing-left-small:1.92%;\"><div class=\"fusion-column-wrapper fusion-column-has-shadow fusion-flex-justify-content-flex-start fusion-content-layout-column\"><div class=\"fusion-section-separator section-separator hills-opacity fusion-section-separator-2\" style=\"--awb-spacer-padding-top:inherit;--awb-svg-margin-left:1.92%;--awb-svg-margin-right:1.92%;--awb-svg-margin-left-medium:1.92%;--awb-svg-margin-right-medium:1.92%;--awb-svg-margin-left-small:1.92%;--awb-svg-margin-right-small:1.92%;--awb-divider-height-small:40px;--awb-spacer-height-small:40px;--awb-sep-font-size:0;--awb-sep-line-height:0;\"><div class=\"fusion-section-separator-svg\"><svg class=\"fusion-hills-opacity-candy\" fill=\"#000000\" xmlns=\"http:\/\/www.w3.org\/2000\/svg\" version=\"1.1\" width=\"100%\" viewbox=\"0 0 1024 182\" preserveaspectratio=\"none\"><path class=\"st0\" d=\"M0 0h1024v140.5C995.9 162 963.9 178 926.9 178c-112.8 0-198.1-93.8-289.8-93.8s-199.5 91-285.3 91-142.2-82.1-238.5-82.1c-63.1 0-75.7 31.6-113.3 53.6V0z\"\/>\n\t\t\t\t\t\t\t\t\t<path class=\"st1\" d=\"M1024 0v75.9C984.3 60 942.2 48.6 905.3 50.1c-110.4 4.5-191.8 109.8-325.5 116.2C470.6 171.5 235.6 46.1 150.3 0H1024z\"\/>\n\t\t\t\t\t\t\t\t\t<path class=\"st2\" d=\"M0 0h1024v92c-57.5 30.9-116.9 73.7-199.9 75-133.8 2-158.9-87.9-342-87.9S202.1 183.7 74.2 182c-27.8-.3-52.4-4.2-74.2-9.7V0z\"\/>\n\t\t\t\t\t\t\t\t\t<path class=\"st3\" d=\"M0 0h1024v101.6C986.8 82 943.3 66.3 884.4 65.4 733.3 63 742.8 94 585.9 94.6S447 47.6 280.4 50.9C132.8 53.6 91.2 137.5 0 154V0z\"\/>\n\t\t\t\t\t\t\t\t\t<path class=\"st4\" d=\"M0 0h1024v77.3c-49-20.1-120.5-42.4-193.2-42.1-128.9.5-159.8 72.3-255.8 72.3-89.1 0-134.7-80.2-245-82-110.4-1.8-160.9 57.2-280 59.2-17.2.3-33.9-1.8-50-5.7V0z\"\/>\n\t\t\t\t\t\t\t\t<\/svg><\/div><div class=\"fusion-section-separator-spacer\"><div class=\"fusion-section-separator-spacer-height\"><\/div><\/div><\/div><\/div><\/div><\/div><\/div><div class=\"fusion-fullwidth fullwidth-box fusion-builder-row-5 fusion-flex-container nonhundred-percent-fullwidth non-hundred-percent-height-scrolling\" style=\"--awb-border-radius-top-left:0px;--awb-border-radius-top-right:0px;--awb-border-radius-bottom-right:0px;--awb-border-radius-bottom-left:0px;\" ><div class=\"fusion-builder-row fusion-row fusion-flex-align-items-flex-start\" style=\"max-width:1248px;margin-left: calc(-4% \/ 2 );margin-right: calc(-4% \/ 2 );\"><div class=\"fusion-layout-column fusion_builder_column fusion-builder-column-4 fusion_builder_column_1_1 1_1 fusion-flex-column fusion-animated\" style=\"--awb-padding-top:40px;--awb-padding-right:40px;--awb-padding-bottom:40px;--awb-padding-left:40px;--awb-overflow:hidden;--awb-bg-color:#ffffff;--awb-bg-size:cover;--awb-box-shadow:0px 25px 20px 0px rgba(61,61,61,0.1);;--awb-border-color:#eaeaea;--awb-border-top:2px;--awb-border-right:2px;--awb-border-bottom:2px;--awb-border-left:2px;--awb-border-style:solid;--awb-border-radius:10px 10px 10px 10px;--awb-width-large:100%;--awb-spacing-right-large:1.92%;--awb-spacing-left-large:1.92%;--awb-width-medium:100%;--awb-spacing-right-medium:1.92%;--awb-spacing-left-medium:1.92%;--awb-width-small:100%;--awb-spacing-right-small:1.92%;--awb-spacing-left-small:1.92%;\" data-animationtype=\"fadeIn\" data-animationduration=\"0.6\" data-animationoffset=\"top-into-view\"><div class=\"fusion-column-wrapper fusion-column-has-shadow fusion-flex-justify-content-flex-start fusion-content-layout-column\"><div class=\"fusion-text fusion-text-1\"><\/div><div class=\"fusion-text fusion-text-2\"><p style=\"text-align: center; font-size: 24px;\" data-fusion-font=\"true\"><u><b>Important<\/b><\/u><\/p>\n<p style=\"text-align: center;\"><strong style=\"color: var(--awb-text-color); font-family: var(--awb-text-font-family); font-size: var(--awb-font-size); font-style: var(--awb-text-font-style); letter-spacing: var(--awb-letter-spacing); text-align: var(--awb-content-alignment); text-transform: var(--awb-text-transform); background-color: var(--awb-bg-color);\"> Pour confirmer votre emplacement 2024 :<\/strong><\/p>\n<p style=\"text-align: center;\"><b>1) Remplissez le formulaire<\/b><span style=\"text-align: var(--awb-content-alignment); background-color: var(--awb-bg-color);\"><b> ci-dessous<\/b><\/span><\/p>\n<p style=\"text-align: center;\"><span style=\"text-align: var(--awb-content-alignment); background-color: var(--awb-bg-color);\"><b>2) Achetez le produit \u00ab\u00a0Emplacement 2024\u00a0\u00bb juste en dessous du formulaire<\/b><\/span><\/p>\n<\/div><\/div><\/div><div class=\"fusion-layout-column fusion_builder_column fusion-builder-column-5 fusion_builder_column_1_1 1_1 fusion-flex-column fusion-animated\" style=\"--awb-padding-top:40px;--awb-padding-right:40px;--awb-padding-bottom:40px;--awb-padding-left:40px;--awb-overflow:hidden;--awb-bg-color:#ffffff;--awb-bg-size:cover;--awb-box-shadow:0px 25px 20px 0px rgba(61,61,61,0.1);;--awb-border-color:#eaeaea;--awb-border-top:2px;--awb-border-right:2px;--awb-border-bottom:2px;--awb-border-left:2px;--awb-border-style:solid;--awb-border-radius:10px 10px 10px 10px;--awb-width-large:100%;--awb-spacing-right-large:1.92%;--awb-spacing-left-large:1.92%;--awb-width-medium:100%;--awb-spacing-right-medium:1.92%;--awb-spacing-left-medium:1.92%;--awb-width-small:100%;--awb-spacing-right-small:1.92%;--awb-spacing-left-small:1.92%;\" data-animationtype=\"fadeIn\" data-animationduration=\"0.6\" data-animationoffset=\"top-into-view\"><div class=\"fusion-column-wrapper fusion-column-has-shadow fusion-flex-justify-content-flex-start fusion-content-layout-column\"><div class=\"fusion-text fusion-text-3\"><\/div><div class=\"fusion-text fusion-text-4\"><p style=\"text-align: center; font-size: 24px;\" data-fusion-font=\"true\"><strong style=\"text-align: var(--awb-content-alignment); color: var(--awb-text-color); font-family: var(--awb-text-font-family); font-size: var(--awb-font-size); font-style: var(--awb-text-font-style); letter-spacing: var(--awb-letter-spacing); text-transform: var(--awb-text-transform); background-color: var(--awb-bg-color);\">En acqu\u00e9rant un emplacement de stockage au Karting des Fagnes SPRL, vous acceptez de ce fait les conditions g\u00e9n\u00e9rales de ventes ci-dessous.<\/strong><\/p>\n<p><strong style=\"color: var(--awb-text-color); font-family: var(--awb-text-font-family); font-size: var(--awb-font-size); font-style: var(--awb-text-font-style); letter-spacing: var(--awb-letter-spacing); text-align: var(--awb-content-alignment); text-transform: var(--awb-text-transform); background-color: var(--awb-bg-color);\"><br \/><\/strong><\/p>\n<p><strong style=\"color: var(--awb-text-color); font-family: var(--awb-text-font-family); font-size: var(--awb-font-size); font-style: var(--awb-text-font-style); letter-spacing: var(--awb-letter-spacing); text-align: var(--awb-content-alignment); text-transform: var(--awb-text-transform); background-color: var(--awb-bg-color);\">Conditions g\u00e9n\u00e9rales de vente :<\/strong><\/p>\n<ul>\n<li>CONDITIONS GENERALES DE VENTE <br \/>1. Les conditions g\u00e9n\u00e9rales de vente ci-dessous sont valables pour tout contrat de location d&#8217;emplacement de stockage de Kart entre la Soci\u00e9t\u00e9 Karting des Fagnes et le Client, personne physique ou personne morale. Il s&rsquo;\u00e9tend \u00e0 l&rsquo;ensemble des services propos\u00e9s par le Karting des Fagnes. <br \/>2. Pendant toute la dur\u00e9e du contrat, le Client b\u00e9n\u00e9ficie de la mise \u00e0 disposition d&rsquo;un emplacement de stockage. En contrepartie, le Client s&rsquo;engage \u00e0 payer d&rsquo;avance une redevance annuelle lui permettant de l&rsquo;utiliser dans le respect des Conditions G\u00e9n\u00e9rales et des annexes \u00e9ventuelles. <br \/>3. Nos offres sont faites sans engager l&rsquo;une ou l&rsquo;autre partie concern\u00e9e. <br \/>4. Le contrat est conclu pour une dur\u00e9e d&rsquo;un an. Le contrat sera ensuite renouvel\u00e9 par tacite reconduction pour des p\u00e9riodes successives d&rsquo;un an, selon la redevance en vigueur \u00e0 la date du renouvellement du contrat. Il pourra \u00eatre r\u00e9sili\u00e9 par l&rsquo;une ou l&rsquo;autre des parties \u00e0 tout moment, moyennant un pr\u00e9avis de 15 jours avant l&rsquo;\u00e9ch\u00e9ance annuelle, signifi\u00e9 par lettre recommand\u00e9e avec accus\u00e9 de r\u00e9ception ou par lettre remise en main propre contresign\u00e9e par l&rsquo;autre partie. \u00c0 d\u00e9faut, le contrat sera renouvel\u00e9 jusqu&rsquo;\u00e0 l&rsquo;\u00e9ch\u00e9ance suivante. <br \/>5. Seul le kart proprement dit peut \u00eatre stock\u00e9 dans l&#8217;emplacement, aucun accessoire ne peut \u00eatre laiss\u00e9 avec le kart (Chariot, \u00e9quipement, roues, etc&#8230;) <br \/>6. Les locaux n&rsquo;\u00e9tant pas chauff\u00e9s en hiver, le propri\u00e9taire du kart s&rsquo;assurera qu&rsquo;aucun liquide ne pourra geler et de ce fait endommager quelconque partie du kart. Le Karting des Fagnes ne pourra en aucun cas \u00eatre tenu responsable de ce genre de dommage <br \/>Le Karting des Fagnes recommande fortement l&rsquo;utilisation d&rsquo;une b\u00e2che de type \u00ab Housse de kart \u00bb afin de pr\u00e9venir toute oxydation due au changement de temp\u00e9rature dans le local de stockage <br \/>7. Pour toute utilisation du kart par une autre personne que le propri\u00e9taire et en absence de celui-ci, une autorisation pr\u00e9alable devra \u00eatre envoy\u00e9e au Karting des Fagnes <br \/>8. Nos factures doivent \u00eatre pay\u00e9es au comptant, \u00e0 moins que d&rsquo;autres conditions soient mentionn\u00e9es express\u00e9ment. <br \/>9. A d\u00e9faut de payement \u00e0 l&rsquo;\u00e9ch\u00e9ance convenue, un int\u00e9r\u00eat 20\u20ac est compt\u00e9 de plein droit et sans mise en demeure par mois entam\u00e9 depuis la date de l&rsquo;\u00e9ch\u00e9ance jusqu&rsquo;au payement int\u00e9gral des sommes dues. En cas de retard de plus de 3 ans dans les paiements des emplacements, Karting Des Fagnes deviendra automatiquement propri\u00e9taire du kart laiss\u00e9 en ses locaux <br \/>10. La l\u00e9gislation Belge s&rsquo;applique \u00e0 toutes nos conventions. Pour toute contestation entre les parties traitantes seuls les tribunaux de Charleroi sont comp\u00e9tents. <br \/>KARTING DES FAGNES SPRL <\/li>\n<\/ul>\n<\/div><div id=\"ff-compose\"><\/div>\n<script data-jetpack-boost=\"ignore\" async defer src=\"https:\/\/formfacade.com\/include\/115167453710534787252\/form\/1FAIpQLScW6JINtZD9Vw9sJqpUyY9MVVBU4SjdmWTddd96w8b-VWkNTg\/wordpress.js?div=ff-compose\"><\/script><script data-jetpack-boost=\"ignore\" type=\"text\/javascript\" src=\"https:\/\/www.apex-timing.com\/gokarts\/javascript\/ax.iframe.js\"><\/script>\n\n<iframe class=\"axiframe\" width=\"100%\" data-src=\"https:\/\/www.apex-timing.com\/gokarts\/ticketing.php?center=150&categories=RW1wbGFjZW1lbnRz\"><\/iframe><\/div><\/div><div class=\"fusion-layout-column fusion_builder_column fusion-builder-column-6 fusion_builder_column_1_1 1_1 fusion-flex-column\" style=\"--awb-bg-size:cover;--awb-width-large:100%;--awb-spacing-right-large:1.92%;--awb-margin-bottom-large:0px;--awb-spacing-left-large:1.92%;--awb-width-medium:100%;--awb-order-medium:0;--awb-spacing-right-medium:1.92%;--awb-spacing-left-medium:1.92%;--awb-width-small:100%;--awb-order-small:0;--awb-spacing-right-small:1.92%;--awb-spacing-left-small:1.92%;\"><div class=\"fusion-column-wrapper fusion-column-has-shadow fusion-flex-justify-content-flex-start fusion-content-layout-column\"><div class=\"fusion-section-separator section-separator waves-opacity fusion-section-separator-3\" style=\"--awb-spacer-padding-top:inherit;--awb-svg-margin-left:1.92%;--awb-svg-margin-right:1.92%;--awb-svg-margin-left-medium:1.92%;--awb-svg-margin-right-medium:1.92%;--awb-svg-margin-left-small:1.92%;--awb-svg-margin-right-small:1.92%;--awb-divider-height:60px;--awb-spacer-height:60px;--awb-sep-font-size:0;--awb-sep-line-height:0;\"><div class=\"fusion-section-separator-svg\"><svg class=\"fusion-waves-opacity-candy\" fill=\"#000000\" xmlns=\"http:\/\/www.w3.org\/2000\/svg\" version=\"1.1\" width=\"100%\" viewbox=\"0 0 1024 216\" preserveaspectratio=\"none\"><path class=\"st0\" d=\"M1024.1 1.068c-19.4-.5-38.7-1.6-57.7-.3-206.6 15-248.5 126.6-455 143.8-184.8 15.5-285.7-60.9-464.3-41.3-16.9 1.8-32.5 4.4-47.1 7.6l.1 105.2h1024v-215z\"\/>\n\t\t\t\t\t\t\t\t\t\t<path class=\"st1\" d=\"M1024.1 20.068c-30.2-1.6-59.6-1.6-86.8.4-206.6 15.1-197.3 122.6-403.9 139.8-184.9 15.5-278.5-58.2-457.1-38.4-28.3 3.2-53.5 8.2-76.2 14.6v79.744h1024V20.068z\"\/>\n\t\t\t\t\t\t\t\t\t\t<path class=\"st2\" d=\"M1024.1 46.668c-22.2-.3-43.8.2-64.2 1.7-206.6 15-197.8 112.5-404.4 129.7-184.8 15.5-226.8-51.1-405.4-31.3-54.8 6-104.9 18.3-150 33.7v35.744h1024V46.668z\"\/>\n\t\t\t\t\t\t\t\t\t\t<path class=\"st3\" d=\"M1024.1 54.368c-4 .2-8 .4-11.9.7-206.5 15.1-227.9 124.4-434.5 141.6-184.9 15.5-226.3-41.1-404.9-21.3-64 7.2-121.9 20.8-172.7 37.9v3.044h1024V54.368z\"\/>\n\t\t\t\t\t\t\t\t\t<\/svg><\/div><div class=\"fusion-section-separator-spacer\"><div class=\"fusion-section-separator-spacer-height\"><\/div><\/div><\/div><\/div><\/div><\/div><\/div><\/p>","protected":false},"excerpt":{"rendered":"","protected":false},"author":5,"featured_media":0,"parent":0,"menu_order":0,"comment_status":"closed","ping_status":"closed","template":"100-width.php","meta":{"footnotes":""},"class_list":["post-19782","page","type-page","status-publish","hentry"],"jetpack_sharing_enabled":true,"_links":{"self":[{"href":"https:\/\/kartingdesfagnes.be\/nl\/wp-json\/wp\/v2\/pages\/19782","targetHints":{"allow":["GET"]}}],"collection":[{"href":"https:\/\/kartingdesfagnes.be\/nl\/wp-json\/wp\/v2\/pages"}],"about":[{"href":"https:\/\/kartingdesfagnes.be\/nl\/wp-json\/wp\/v2\/types\/page"}],"author":[{"embeddable":true,"href":"https:\/\/kartingdesfagnes.be\/nl\/wp-json\/wp\/v2\/users\/5"}],"replies":[{"embeddable":true,"href":"https:\/\/kartingdesfagnes.be\/nl\/wp-json\/wp\/v2\/comments?post=19782"}],"version-history":[{"count":11,"href":"https:\/\/kartingdesfagnes.be\/nl\/wp-json\/wp\/v2\/pages\/19782\/revisions"}],"predecessor-version":[{"id":19827,"href":"https:\/\/kartingdesfagnes.be\/nl\/wp-json\/wp\/v2\/pages\/19782\/revisions\/19827"}],"wp:attachment":[{"href":"https:\/\/kartingdesfagnes.be\/nl\/wp-json\/wp\/v2\/media?parent=19782"}],"curies":[{"name":"wp","href":"https:\/\/api.w.org\/{rel}","templated":true}]}}